{"id":509,"date":"2016-12-02T19:28:00","date_gmt":"2016-12-02T19:28:00","guid":{"rendered":"http:\/\/newnetway.es\/?page_id=509"},"modified":"2018-05-26T09:53:48","modified_gmt":"2018-05-26T09:53:48","slug":"jobs","status":"publish","type":"page","link":"https:\/\/newnetway.es\/?page_id=509","title":{"rendered":"Jobs"},"content":{"rendered":"<p>[et_pb_section admin_label=\u00bbsection\u00bb][et_pb_row admin_label=\u00bbrow\u00bb][et_pb_column type=\u00bb4_4&#8243;][et_pb_text admin_label=\u00bbTexto: Ofertas de empleo\u00bb background_layout=\u00bblight\u00bb text_orientation=\u00bbleft\u00bb use_border_color=\u00bboff\u00bb border_color=\u00bb#ffffff\u00bb border_style=\u00bbsolid\u00bb module_class=\u00bbnnw\u00bb]<\/p>\n<h2 style=\"text-align: center;\">Empleo en New Net Way<\/h2>\n<hr \/>\n<p style=\"text-align: center;\">Aqu\u00ed encontrar\u00e1s las ofertas de empleo activas.<\/p>\n<p style=\"text-align: center;\">Si cumples con los criterios solicitados, no dudes en ponerte en contacto con nosotros enviando tu CV a la direcci\u00f3n de correo <a href=\"mailto:rr.hh@newnetway.es\">rr.hh@newnetway.es<\/a> y puedes estar seguro de que revisaremos tu solicitud<\/p>\n<p>[\/et_pb_text][\/et_pb_column][\/et_pb_row][et_pb_row admin_label=\u00bbrow\u00bb][et_pb_column type=\u00bb1_4&#8243;][\/et_pb_column][et_pb_column type=\u00bb1_2&#8243;][et_pb_image admin_label=\u00bbImagen\u00bb src=\u00bbhttps:\/\/newnetway.es\/wp-content\/uploads\/2016\/12\/NNW_JOBS.jpg\u00bb show_in_lightbox=\u00bboff\u00bb url_new_window=\u00bboff\u00bb use_overlay=\u00bboff\u00bb animation=\u00bbleft\u00bb sticky=\u00bboff\u00bb align=\u00bbleft\u00bb force_fullwidth=\u00bboff\u00bb always_center_on_mobile=\u00bbon\u00bb use_border_color=\u00bboff\u00bb border_color=\u00bb#ffffff\u00bb border_style=\u00bbsolid\u00bb]<br \/>\n[\/et_pb_image][\/et_pb_column][et_pb_column type=\u00bb1_4&#8243;][\/et_pb_column][\/et_pb_row][\/et_pb_section][et_pb_section admin_label=\u00bbSecci\u00f3n\u00bb fullwidth=\u00bboff\u00bb specialty=\u00bboff\u00bb transparent_background=\u00bboff\u00bb allow_player_pause=\u00bboff\u00bb inner_shadow=\u00bboff\u00bb parallax=\u00bboff\u00bb parallax_method=\u00bboff\u00bb padding_mobile=\u00bboff\u00bb make_fullwidth=\u00bboff\u00bb use_custom_width=\u00bboff\u00bb width_unit=\u00bbon\u00bb make_equal=\u00bboff\u00bb use_custom_gutter=\u00bboff\u00bb module_id=\u00bbhiring\u00bb][et_pb_row admin_label=\u00bbFila\u00bb][et_pb_column type=\u00bb4_4&#8243;][et_pb_text admin_label=\u00bbTexto: OFERTAS\u00bb background_layout=\u00bblight\u00bb text_orientation=\u00bbleft\u00bb use_border_color=\u00bboff\u00bb border_color=\u00bb#ffffff\u00bb border_style=\u00bbsolid\u00bb module_class=\u00bbnnw\u00bb]<\/p>\n<h2 style=\"text-align: center;\">Ofertas de Empleo<\/h2>\n<hr \/>\n<p>&nbsp;<\/p>\n<p>[\/et_pb_text][et_pb_text admin_label=\u00bbTC NOV 17&#8243; background_layout=\u00bblight\u00bb text_orientation=\u00bbleft\u00bb use_border_color=\u00bboff\u00bb border_color=\u00bb#ffffff\u00bb border_style=\u00bbsolid\u00bb]<\/p>\n<p style=\"text-align: center;\"><span style=\"color: #000000;\"><strong>Noviembre 2017.<\/strong><\/span><\/p>\n<p style=\"text-align: center;\"><span style=\"color: #000000;\"><strong>NEW NET WAY SELECCIONA<\/strong><\/span><\/p>\n<p style=\"text-align: center;\">TE OFRECEMOS LA OPORTUNIDAD DE PARTICIPAR EN MEJORAR LA CALIDAD DE LA RED M\u00d3VIL<\/p>\n<h4 style=\"text-align: center;\">Escr\u00edbenos a la direcci\u00f3n de correo\u00a0<span style=\"color: #3366ff;\"><a style=\"color: #3366ff;\" href=\"mailto:rr.hh@newnetway.es\">rr.hh@newnetway.es<\/a><\/span><\/h4>\n<p style=\"text-align: center;\"><span style=\"color: #ff0000;\">\u00a0<strong>Plazo de admisi\u00f3n de candidaturas: Hasta el 26\/11\/2017.<\/strong><\/span><\/p>\n<p style=\"text-align: center;\"><strong><span style=\"color: #ff0000;\">PLAZO DE ADMISI\u00d3N FINALIZADO.<\/span><\/strong><\/p>\n<ul>\n<li><span style=\"color: #000000;\"><strong>Puestos a cubrir:<\/strong><\/span><br \/>\n<span style=\"color: #000000;\">T\u00e9cnico de Campo Medidas de Calidad de redes m\u00f3viles<\/span><\/li>\n<\/ul>\n<ul>\n<li><span style=\"color: #000000;\"><strong>N\u00ba de vacantes:\u00a02<\/strong><\/span><br \/>\n<span style=\"color: #000000;\">\u25e6 Madrid: 1<\/span><br \/>\n\u25e6\u00a0<span style=\"color: #000000;\">Castilla Le\u00f3n: 1<\/span><\/li>\n<\/ul>\n<ul>\n<li><span style=\"color: #000000;\"><strong>Formaci\u00f3n y Conocimientos:<\/strong><\/span><br \/>\n<span style=\"color: #000000;\">\u00a0 \u00a0 \u00a0\u25e6\u00a0FPII Electr\u00f3nica, Inform\u00e1tica o Electricidad<\/span><br \/>\n<span style=\"color: #000000;\">\u00a0 \u00a0 \u00a0\u25e6\u00a0Amplios conocimientos de inform\u00e1tica como usuario en Windows y Android.<\/span><br \/>\n<span style=\"color: #000000;\">\u00a0 \u00a0 \u00a0\u25e6\u00a0Se valorar\u00e1 cualquier otro tipo de formaci\u00f3n relacionada con el campo de las telecomunicaciones y experiencia en trabajos \u00a0similares o dentro del sector.<\/span><\/li>\n<\/ul>\n<ul>\n<li><span style=\"color: #000000;\"><strong>Tareas:<\/strong><\/span><br \/>\n<span style=\"color: #000000;\">\u00a0 \u00a0 \u00a0\u25e6\u00a0Medidas de campo DRIVE TEST con un veh\u00edculo equipado con Equipos de Medida.<\/span><br \/>\n<span style=\"color: #000000;\">\u00a0 \u00a0 \u00a0\u25e6\u00a0Medidas de campo WALKING TEST portando equipos port\u00e1tiles en lugares de Inter\u00e9s.<\/span><\/li>\n<\/ul>\n<ul>\n<li><span style=\"color: #000000;\"><strong>\u00c1mbito de Trabajo:<\/strong><\/span><br \/>\n<span style=\"color: #000000;\">\u00a0 \u00a0 \u00a0\u25e6\u00a0Todo el territorio nacional espa\u00f1ol incluidas Islas, Ceuta y Melilla.<\/span><br \/>\n<span style=\"color: #000000;\">\u00a0 \u00a0 \u00a0\u25e6\u00a0Desplazamientos en Ferry, Avi\u00f3n o Tren.<\/span><br \/>\n<span style=\"color: #000000;\">\u00a0 \u00a0 \u00a0\u25e6\u00a0El trabajo requiere estar permanentemente viajando o desplazado de su domicilio habitual.<\/span><\/li>\n<li><strong><span style=\"color: #000000;\">Otros requerimientos:<\/span><\/strong><br \/>\n<span style=\"color: #000000;\">\u00a0 \u00a0 \u00a0\u25e6\u00a0Carnet de conducir con m\u00e1s de 1 a\u00f1o de antig\u00fcedad.<\/span><br \/>\n<span style=\"color: #000000;\">\u00a0 \u00a0 \u00a0\u25e6\u00a0Disponer de conexi\u00f3n a internet desde domicilio particular, ADSL o preferiblemente F.O.<\/span><br \/>\n<span style=\"color: #000000;\">\u00a0 \u00a0 \u00a0\u25e6\u00a0Usuario habitual de Android.<\/span><br \/>\n<span style=\"color: #000000;\">\u00a0 \u00a0 \u00a0\u25e6\u00a0Capacidad de autonom\u00eda.<\/span><\/li>\n<\/ul>\n<p>[\/et_pb_text][et_pb_text admin_label=\u00bbTexto: ARCHIVO\u00bb background_layout=\u00bblight\u00bb text_orientation=\u00bbleft\u00bb use_border_color=\u00bboff\u00bb border_color=\u00bb#ffffff\u00bb border_style=\u00bbsolid\u00bb module_class=\u00bbnnw\u00bb]<\/p>\n<h2 style=\"text-align: center;\"><\/h2>\n<h2 style=\"text-align: center;\"><\/h2>\n<h2 style=\"text-align: center;\"><\/h2>\n<h2 style=\"text-align: center;\"><\/h2>\n<h2 style=\"text-align: center;\">Archivo<\/h2>\n<hr \/>\n<p>&nbsp;<\/p>\n<p>[\/et_pb_text][et_pb_text admin_label=\u00bbTC SEP 17&#8243; background_layout=\u00bblight\u00bb text_orientation=\u00bbleft\u00bb use_border_color=\u00bboff\u00bb border_color=\u00bb#ffffff\u00bb border_style=\u00bbsolid\u00bb]<\/p>\n<p style=\"text-align: center;\"><span style=\"color: #000000;\"><strong>Septiembre 2017.<\/strong><\/span><\/p>\n<p style=\"text-align: center;\"><span style=\"color: #000000;\"><strong>NEW NET WAY SELECCIONA<\/strong><\/span><\/p>\n<p style=\"text-align: center;\">TE OFRECEMOS LA OPORTUNIDAD DE PARTICIPAR EN MEJORAR LA CALIDAD DE LA RED M\u00d3VIL<\/p>\n<h4 style=\"text-align: center;\">Escr\u00edbenos a la direcci\u00f3n de correo\u00a0<span style=\"color: #3366ff;\"><a style=\"color: #3366ff;\" href=\"mailto:rr.hh@newnetway.es\">rr.hh@newnetway.es<\/a><\/span><\/h4>\n<p style=\"text-align: center;\"><span style=\"color: #ff0000;\">\u00a0<strong>Plazo de admisi\u00f3n de candidaturas: Hasta el 06\/10\/2017.<\/strong><\/span><\/p>\n<p style=\"text-align: center;\"><strong><span style=\"color: #ff0000;\">PLAZO DE ADMISI\u00d3N FINALIZADO.<\/span><\/strong><\/p>\n<ul>\n<li><span style=\"color: #000000;\"><strong>Puestos a cubrir:<\/strong><\/span><br \/>\n<span style=\"color: #000000;\">T\u00e9cnico de Campo Medidas de Calidad de redes m\u00f3viles<\/span><\/li>\n<\/ul>\n<ul>\n<li><span style=\"color: #000000;\"><strong>N\u00ba de vacantes: 5<\/strong><\/span><br \/>\n<span style=\"color: #000000;\">\u25e6 Madrid: 1<\/span><br \/>\n\u25e6\u00a0<span style=\"color: #000000;\">Castilla Le\u00f3n: 1<\/span><br \/>\n\u25e6\u00a0<span style=\"color: #000000;\">Galicia: 1<\/span><br \/>\n\u25e6\u00a0<span style=\"color: #000000;\">Asturias: 1<\/span><br \/>\n\u25e6\u00a0<span style=\"color: #000000;\">Pa\u00eds Vasco: 1<\/span><\/li>\n<\/ul>\n<ul>\n<li><span style=\"color: #000000;\"><strong>Formaci\u00f3n y Conocimientos:<\/strong><\/span><br \/>\n<span style=\"color: #000000;\">\u00a0 \u00a0 \u00a0\u25e6\u00a0FPII Electr\u00f3nica, Inform\u00e1tica o Electricidad<\/span><br \/>\n<span style=\"color: #000000;\">\u00a0 \u00a0 \u00a0\u25e6\u00a0Amplios conocimientos de inform\u00e1tica como usuario en Windows y Android.<\/span><br \/>\n<span style=\"color: #000000;\">\u00a0 \u00a0 \u00a0\u25e6\u00a0Se valorar\u00e1 cualquier otro tipo de formaci\u00f3n relacionada con el campo de las telecomunicaciones y experiencia en trabajos \u00a0similares o dentro del sector.<\/span><\/li>\n<\/ul>\n<ul>\n<li><span style=\"color: #000000;\"><strong>Tareas:<\/strong><\/span><br \/>\n<span style=\"color: #000000;\">\u00a0 \u00a0 \u00a0\u25e6\u00a0Medidas de campo DRIVE TEST con un veh\u00edculo equipado con Equipos de Medida.<\/span><br \/>\n<span style=\"color: #000000;\">\u00a0 \u00a0 \u00a0\u25e6\u00a0Medidas de campo WALKING TEST portando equipos port\u00e1tiles en lugares de Inter\u00e9s.<\/span><\/li>\n<\/ul>\n<ul>\n<li><span style=\"color: #000000;\"><strong>\u00c1mbito de Trabajo:<\/strong><\/span><br \/>\n<span style=\"color: #000000;\">\u00a0 \u00a0 \u00a0\u25e6\u00a0Todo el territorio nacional espa\u00f1ol incluidas Islas, Ceuta y Melilla.<\/span><br \/>\n<span style=\"color: #000000;\">\u00a0 \u00a0 \u00a0\u25e6\u00a0Desplazamientos en Ferry, Avi\u00f3n o Tren.<\/span><br \/>\n<span style=\"color: #000000;\">\u00a0 \u00a0 \u00a0\u25e6\u00a0El trabajo requiere estar permanentemente viajando o desplazado de su domicilio habitual.<\/span><\/li>\n<li><strong><span style=\"color: #000000;\">Otros requerimientos:<\/span><\/strong><br \/>\n<span style=\"color: #000000;\">\u00a0 \u00a0 \u00a0\u25e6\u00a0Carnet de conducir con m\u00e1s de 1 a\u00f1o de antig\u00fcedad.<\/span><br \/>\n<span style=\"color: #000000;\">\u00a0 \u00a0 \u00a0\u25e6\u00a0Disponer de conexi\u00f3n a internet desde domicilio particular, ADSL o preferiblemente F.O.<\/span><br \/>\n<span style=\"color: #000000;\">\u00a0 \u00a0 \u00a0\u25e6\u00a0Usuario habitual de Android.<\/span><br \/>\n<span style=\"color: #000000;\">\u00a0 \u00a0 \u00a0\u25e6\u00a0Capacidad de autonom\u00eda.<\/span><\/li>\n<\/ul>\n<h4 style=\"text-align: center;\"><\/h4>\n<p>[\/et_pb_text][\/et_pb_column][\/et_pb_row][\/et_pb_section]<\/p>\n","protected":false},"excerpt":{"rendered":"<p>Empleo en New Net Way Aqu\u00ed encontrar\u00e1s las ofertas de empleo activas. Si cumples con los criterios solicitados, no dudes en ponerte en contacto con nosotros enviando tu CV a la direcci\u00f3n de correo rr.hh@newnetway.es y puedes estar seguro de que revisaremos tu solicitud Ofertas de Empleo &nbsp; Noviembre 2017. NEW NET WAY SELECCIONA TE [&hellip;]<\/p>\n","protected":false},"author":3,"featured_media":0,"parent":0,"menu_order":0,"comment_status":"closed","ping_status":"closed","template":"","meta":{"_et_pb_use_builder":"on","_et_pb_old_content":"","_et_gb_content_width":"","footnotes":""},"_links":{"self":[{"href":"https:\/\/newnetway.es\/index.php?rest_route=\/wp\/v2\/pages\/509"}],"collection":[{"href":"https:\/\/newnetway.es\/index.php?rest_route=\/wp\/v2\/pages"}],"about":[{"href":"https:\/\/newnetway.es\/index.php?rest_route=\/wp\/v2\/types\/page"}],"author":[{"embeddable":true,"href":"https:\/\/newnetway.es\/index.php?rest_route=\/wp\/v2\/users\/3"}],"replies":[{"embeddable":true,"href":"https:\/\/newnetway.es\/index.php?rest_route=%2Fwp%2Fv2%2Fcomments&post=509"}],"version-history":[{"count":29,"href":"https:\/\/newnetway.es\/index.php?rest_route=\/wp\/v2\/pages\/509\/revisions"}],"predecessor-version":[{"id":1098,"href":"https:\/\/newnetway.es\/index.php?rest_route=\/wp\/v2\/pages\/509\/revisions\/1098"}],"wp:attachment":[{"href":"https:\/\/newnetway.es\/index.php?rest_route=%2Fwp%2Fv2%2Fmedia&parent=509"}],"curies":[{"name":"wp","href":"https:\/\/api.w.org\/{rel}","templated":true}]}}